{"id":119,"date":"2016-09-17T17:48:08","date_gmt":"2016-09-17T17:48:08","guid":{"rendered":"http:\/\/e-identific.com\/JuanLeon\/?page_id=119"},"modified":"2020-06-09T13:53:45","modified_gmt":"2020-06-09T13:53:45","slug":"galeria","status":"publish","type":"page","link":"https:\/\/e-identific.com\/JuanLeon\/galeria\/","title":{"rendered":"Galer\u00eda"},"content":{"rendered":"\n\n\n[et_pb_section admin_label=&#8221;section&#8221;][et_pb_row admin_label=&#8221;row&#8221;][et_pb_column type=&#8221;4_4&#8243;][et_pb_text admin_label=&#8221;Texto&#8221; background_layout=&#8221;light&#8221; text_orientation=&#8221;left&#8221; text_font=&#8221;Merriweather||||&#8221; text_font_size=&#8221;30&#8243; use_border_color=&#8221;off&#8221; border_color=&#8221;#ffffff&#8221; border_style=&#8221;solid&#8221;]\r\n\r\nGaler\u00eda Fotogr\u00e1fica de Juan Le\u00f3n\r\n\r\n[\/et_pb_text][\/et_pb_column][\/et_pb_row][\/et_pb_section][et_pb_section admin_label=&#8221;Secci\u00f3n&#8221; fullwidth=&#8221;off&#8221; specialty=&#8221;off&#8221;][et_pb_row admin_label=&#8221;Fila&#8221;][et_pb_column type=&#8221;4_4&#8243;][et_pb_gallery admin_label=&#8221;Galer\u00eda&#8221; gallery_ids=&#8221;93,49,50,51,59,61,137,69,100,83,84,98,101,87,88,89,191,190,189,188,183,109,94&#8243; fullwidth=&#8221;off&#8221; show_title_and_caption=&#8221;off&#8221; show_pagination=&#8221;off&#8221; background_layout=&#8221;light&#8221; auto=&#8221;off&#8221; hover_overlay_color=&#8221;rgba(255,255,255,0.9)&#8221; caption_all_caps=&#8221;off&#8221; use_border_color=&#8221;off&#8221; border_color=&#8221;#ffffff&#8221; border_style=&#8221;solid&#8221; posts_number=&#8221;30&#8243;] [\/et_pb_gallery][\/et_pb_column][\/et_pb_row][\/et_pb_section]\n\n\n","protected":false},"excerpt":{"rendered":"<p>Galer\u00eda Fotogr\u00e1fica de Juan Le\u00f3n<\/p>\n","protected":false},"author":1,"featured_media":0,"parent":0,"menu_order":0,"comment_status":"closed","ping_status":"closed","template":"","meta":{"_et_pb_use_builder":"on","_et_pb_old_content":"","_et_gb_content_width":"","footnotes":""},"class_list":["post-119","page","type-page","status-publish","hentry"],"yoast_head":"<!-- This site is optimized with the Yoast SEO plugin v19.10 - https:\/\/yoast.com\/wordpress\/plugins\/seo\/ -->\n<title>Juan Le\u00f3n actor polifac\u00e9tico teatro, cine y series - Galer\u00eda<\/title>\n<meta name=\"description\" content=\"M\u00faltiples interpretaciones en teatro, series, cine, secundarios en la que se avecina, Cu\u00e9ntame, Hospital central, y varios cortometrajes como protagonista.\" \/>\n<meta name=\"robots\" content=\"index, follow, max-snippet:-1, max-image-preview:large, max-video-preview:-1\" \/>\n<link rel=\"canonical\" href=\"https:\/\/e-identific.com\/JuanLeon\/galeria\/\" \/>\n<meta property=\"og:locale\" content=\"en_US\" \/>\n<meta property=\"og:type\" content=\"article\" \/>\n<meta property=\"og:title\" content=\"Juan Le\u00f3n actor polifac\u00e9tico teatro, cine y series - Galer\u00eda\" \/>\n<meta property=\"og:description\" content=\"M\u00faltiples interpretaciones en teatro, series, cine, secundarios en la que se avecina, Cu\u00e9ntame, Hospital central, y varios cortometrajes como protagonista.\" \/>\n<meta property=\"og:url\" content=\"https:\/\/e-identific.com\/JuanLeon\/galeria\/\" \/>\n<meta property=\"og:site_name\" content=\"Juan Le\u00f3n\" \/>\n<meta property=\"article:modified_time\" content=\"2020-06-09T13:53:45+00:00\" \/>\n<meta name=\"twitter:card\" content=\"summary_large_image\" \/>\n<meta name=\"twitter:label1\" content=\"Est. reading time\" \/>\n\t<meta name=\"twitter:data1\" content=\"1 minute\" \/>\n<script type=\"application\/ld+json\" class=\"yoast-schema-graph\">{\"@context\":\"https:\/\/schema.org\",\"@graph\":[{\"@type\":\"WebPage\",\"@id\":\"https:\/\/e-identific.com\/JuanLeon\/galeria\/\",\"url\":\"https:\/\/e-identific.com\/JuanLeon\/galeria\/\",\"name\":\"Juan Le\u00f3n actor polifac\u00e9tico teatro, cine y series - Galer\u00eda\",\"isPartOf\":{\"@id\":\"https:\/\/e-identific.com\/JuanLeon\/#website\"},\"datePublished\":\"2016-09-17T17:48:08+00:00\",\"dateModified\":\"2020-06-09T13:53:45+00:00\",\"description\":\"M\u00faltiples interpretaciones en teatro, series, cine, secundarios en la que se avecina, Cu\u00e9ntame, Hospital central, y varios cortometrajes como protagonista.\",\"breadcrumb\":{\"@id\":\"https:\/\/e-identific.com\/JuanLeon\/galeria\/#breadcrumb\"},\"inLanguage\":\"en-US\",\"potentialAction\":[{\"@type\":\"ReadAction\",\"target\":[\"https:\/\/e-identific.com\/JuanLeon\/galeria\/\"]}]},{\"@type\":\"BreadcrumbList\",\"@id\":\"https:\/\/e-identific.com\/JuanLeon\/galeria\/#breadcrumb\",\"itemListElement\":[{\"@type\":\"ListItem\",\"position\":1,\"name\":\"Portada\",\"item\":\"https:\/\/e-identific.com\/JuanLeon\/\"},{\"@type\":\"ListItem\",\"position\":2,\"name\":\"Galer\u00eda\"}]},{\"@type\":\"WebSite\",\"@id\":\"https:\/\/e-identific.com\/JuanLeon\/#website\",\"url\":\"https:\/\/e-identific.com\/JuanLeon\/\",\"name\":\"Juan Le\u00f3n\",\"description\":\"Artista int\u00e9rprete\",\"potentialAction\":[{\"@type\":\"SearchAction\",\"target\":{\"@type\":\"EntryPoint\",\"urlTemplate\":\"https:\/\/e-identific.com\/JuanLeon\/?s={search_term_string}\"},\"query-input\":\"required name=search_term_string\"}],\"inLanguage\":\"en-US\"}]}<\/script>\n<!-- \/ Yoast SEO plugin. -->","yoast_head_json":{"title":"Juan Le\u00f3n actor polifac\u00e9tico teatro, cine y series - Galer\u00eda","description":"M\u00faltiples interpretaciones en teatro, series, cine, secundarios en la que se avecina, Cu\u00e9ntame, Hospital central, y varios cortometrajes como protagonista.","robots":{"index":"index","follow":"follow","max-snippet":"max-snippet:-1","max-image-preview":"max-image-preview:large","max-video-preview":"max-video-preview:-1"},"canonical":"https:\/\/e-identific.com\/JuanLeon\/galeria\/","og_locale":"en_US","og_type":"article","og_title":"Juan Le\u00f3n actor polifac\u00e9tico teatro, cine y series - Galer\u00eda","og_description":"M\u00faltiples interpretaciones en teatro, series, cine, secundarios en la que se avecina, Cu\u00e9ntame, Hospital central, y varios cortometrajes como protagonista.","og_url":"https:\/\/e-identific.com\/JuanLeon\/galeria\/","og_site_name":"Juan Le\u00f3n","article_modified_time":"2020-06-09T13:53:45+00:00","twitter_card":"summary_large_image","twitter_misc":{"Est. reading time":"1 minute"},"schema":{"@context":"https:\/\/schema.org","@graph":[{"@type":"WebPage","@id":"https:\/\/e-identific.com\/JuanLeon\/galeria\/","url":"https:\/\/e-identific.com\/JuanLeon\/galeria\/","name":"Juan Le\u00f3n actor polifac\u00e9tico teatro, cine y series - Galer\u00eda","isPartOf":{"@id":"https:\/\/e-identific.com\/JuanLeon\/#website"},"datePublished":"2016-09-17T17:48:08+00:00","dateModified":"2020-06-09T13:53:45+00:00","description":"M\u00faltiples interpretaciones en teatro, series, cine, secundarios en la que se avecina, Cu\u00e9ntame, Hospital central, y varios cortometrajes como protagonista.","breadcrumb":{"@id":"https:\/\/e-identific.com\/JuanLeon\/galeria\/#breadcrumb"},"inLanguage":"en-US","potentialAction":[{"@type":"ReadAction","target":["https:\/\/e-identific.com\/JuanLeon\/galeria\/"]}]},{"@type":"BreadcrumbList","@id":"https:\/\/e-identific.com\/JuanLeon\/galeria\/#breadcrumb","itemListElement":[{"@type":"ListItem","position":1,"name":"Portada","item":"https:\/\/e-identific.com\/JuanLeon\/"},{"@type":"ListItem","position":2,"name":"Galer\u00eda"}]},{"@type":"WebSite","@id":"https:\/\/e-identific.com\/JuanLeon\/#website","url":"https:\/\/e-identific.com\/JuanLeon\/","name":"Juan Le\u00f3n","description":"Artista int\u00e9rprete","potentialAction":[{"@type":"SearchAction","target":{"@type":"EntryPoint","urlTemplate":"https:\/\/e-identific.com\/JuanLeon\/?s={search_term_string}"},"query-input":"required name=search_term_string"}],"inLanguage":"en-US"}]}},"_links":{"self":[{"href":"https:\/\/e-identific.com\/JuanLeon\/wp-json\/wp\/v2\/pages\/119","targetHints":{"allow":["GET"]}}],"collection":[{"href":"https:\/\/e-identific.com\/JuanLeon\/wp-json\/wp\/v2\/pages"}],"about":[{"href":"https:\/\/e-identific.com\/JuanLeon\/wp-json\/wp\/v2\/types\/page"}],"author":[{"embeddable":true,"href":"https:\/\/e-identific.com\/JuanLeon\/wp-json\/wp\/v2\/users\/1"}],"replies":[{"embeddable":true,"href":"https:\/\/e-identific.com\/JuanLeon\/wp-json\/wp\/v2\/comments?post=119"}],"version-history":[{"count":10,"href":"https:\/\/e-identific.com\/JuanLeon\/wp-json\/wp\/v2\/pages\/119\/revisions"}],"predecessor-version":[{"id":232,"href":"https:\/\/e-identific.com\/JuanLeon\/wp-json\/wp\/v2\/pages\/119\/revisions\/232"}],"wp:attachment":[{"href":"https:\/\/e-identific.com\/JuanLeon\/wp-json\/wp\/v2\/media?parent=119"}],"curies":[{"name":"wp","href":"https:\/\/api.w.org\/{rel}","templated":true}]}}